{"id":1341,"date":"2025-09-30T13:31:41","date_gmt":"2025-09-30T11:31:41","guid":{"rendered":"https:\/\/rjpinturayrevestimiento.es\/?page_id=1341"},"modified":"2025-10-01T09:33:34","modified_gmt":"2025-10-01T07:33:34","slug":"politicas-de-privacidad","status":"publish","type":"page","link":"https:\/\/rjpinturayrevestimiento.es\/?page_id=1341","title":{"rendered":"Pol\u00edtica de Privacidad"},"content":{"rendered":"\t\t<div data-elementor-type=\"wp-page\" data-elementor-id=\"1341\" class=\"elementor elementor-1341\" data-elementor-post-type=\"page\">\n\t\t\t\t\t\t\t\t\t<section class=\"elementor-section elementor-top-section elementor-element elementor-element-2322d97 elementor-section-full_width elementor-section-height-default elementor-section-height-default\" data-id=\"2322d97\" data-element_type=\"section\" data-settings=\"{&quot;background_background&quot;:&quot;classic&quot;}\">\n\t\t\t\t\t\t<div class=\"elementor-container elementor-column-gap-default\">\n\t\t\t\t\t<div class=\"elementor-column elementor-col-100 elementor-top-column elementor-element elementor-element-825c8d3\" data-id=\"825c8d3\" data-element_type=\"column\">\n\t\t\t<div class=\"elementor-widget-wrap elementor-element-populated\">\n\t\t\t\t\t\t\t\t<div class=\"elementor-element elementor-element-1301575 elementor-widget elementor-widget-heading\" data-id=\"1301575\" data-element_type=\"widget\" data-widget_type=\"heading.default\">\n\t\t\t\t<div class=\"elementor-widget-container\">\n\t\t\t<style>\/*! elementor - v3.15.0 - 02-08-2023 *\/\n.elementor-heading-title{padding:0;margin:0;line-height:1}.elementor-widget-heading .elementor-heading-title[class*=elementor-size-]>a{color:inherit;font-size:inherit;line-height:inherit}.elementor-widget-heading .elementor-heading-title.elementor-size-small{font-size:15px}.elementor-widget-heading .elementor-heading-title.elementor-size-medium{font-size:19px}.elementor-widget-heading .elementor-heading-title.elementor-size-large{font-size:29px}.elementor-widget-heading .elementor-heading-title.elementor-size-xl{font-size:39px}.elementor-widget-heading .elementor-heading-title.elementor-size-xxl{font-size:59px}<\/style><h2 class=\"elementor-heading-title elementor-size-default\">Pol\u00edtica de Privacidad<\/h2>\t\t<\/div>\n\t\t\t\t<\/div>\n\t\t\t\t\t<\/div>\n\t\t<\/div>\n\t\t\t\t\t\t\t<\/div>\n\t\t<\/section>\n\t\t\t\t<section class=\"elementor-section elementor-top-section elementor-element elementor-element-9caf067 elementor-section-full_width elementor-section-height-default elementor-section-height-default\" data-id=\"9caf067\" data-element_type=\"section\" data-settings=\"{&quot;background_background&quot;:&quot;classic&quot;}\">\n\t\t\t\t\t\t<div class=\"elementor-container elementor-column-gap-default\">\n\t\t\t\t\t<div class=\"elementor-column elementor-col-100 elementor-top-column elementor-element elementor-element-53f1e38\" data-id=\"53f1e38\" data-element_type=\"column\">\n\t\t\t<div class=\"elementor-widget-wrap elementor-element-populated\">\n\t\t\t\t\t\t\t\t<div class=\"elementor-element elementor-element-6169c6e elementor-widget elementor-widget-text-editor\" data-id=\"6169c6e\" data-element_type=\"widget\" data-widget_type=\"text-editor.default\">\n\t\t\t\t<div class=\"elementor-widget-container\">\n\t\t\t<style>\/*! elementor - v3.15.0 - 02-08-2023 *\/\n.elementor-widget-text-editor.elementor-drop-cap-view-stacked .elementor-drop-cap{background-color:#69727d;color:#fff}.elementor-widget-text-editor.elementor-drop-cap-view-framed .elementor-drop-cap{color:#69727d;border:3px solid;background-color:transparent}.elementor-widget-text-editor:not(.elementor-drop-cap-view-default) .elementor-drop-cap{margin-top:8px}.elementor-widget-text-editor:not(.elementor-drop-cap-view-default) .elementor-drop-cap-letter{width:1em;height:1em}.elementor-widget-text-editor .elementor-drop-cap{float:left;text-align:center;line-height:1;font-size:50px}.elementor-widget-text-editor .elementor-drop-cap-letter{display:inline-block}<\/style>\t\t\t\t<p style=\"font-weight: 400;\"><strong style=\"font-family: var( --e-global-typography-text-font-family ), Sans-serif; font-size: 1rem;\">Titular<\/strong><span style=\"font-family: var( --e-global-typography-text-font-family ), Sans-serif; font-size: 1rem;\">: ALEX ROBERTO MACARE\u00d1O GUEVARA<\/span><\/p><p style=\"font-weight: 400;\"><strong>CIF<\/strong>: 79197882G<\/p><p style=\"font-weight: 400;\"><strong>Domicilio social<\/strong>: FRANCO DE MEDINA 2 &#8211; San Crist\u00f3bal de La Laguna (Santa Cruz de Tenerife &#8211; 38320)<\/p><p style=\"font-weight: 400;\"><strong>Tel\u00e9fono de contacto<\/strong>: 635232747<\/p><p style=\"font-weight: 400;\">Delegado de Protecci\u00f3n de Datos:<\/p><p><b>Correo electr\u00f3nico<\/b>: info@rjpinturayrevestimiento.es<\/p><p style=\"font-weight: 400;\">Por favor, tenga en cuenta que la presente Pol\u00edtica de Privacidad no aborda, y no seremos responsables de, la privacidad, informaci\u00f3n u otras pr\u00e1cticas de terceros cualesquiera,\u00a0incluidas las de\u00a0toda parte que opere un portal\u00a0hacia\u00a0el que estos Portales contengan un enlace. La inclusi\u00f3n de un enlace en los Portales no implica\u00a0aval\u00a0del portal enlazado por nuestra parte ni\u00a0por\u00a0la de nuestras filiales.<\/p><p style=\"font-weight: 400;\"><strong>Licitud del tratamiento de datos<\/strong><\/p><p style=\"font-weight: 400;\">Respetamos su privacidad. Por ello, solamente procesamos sus datos personales cuando estamos autorizados a hacerlo. Usted puede darnos su consentimiento para el tratamiento de sus datos personales, cuando el tratamiento as\u00ed lo requiera. En otros supuestos, si usted emplea servicios de nuestra web que requieren sus datos para poder realizarse, estaremos autorizados a tratar sus datos para la ejecuci\u00f3n de tal actividad. Un ejemplo de ello es el registro de entradas que recogemos para garantizar, por ejemplo, que nuestra p\u00e1gina web opera sin fallos (incluyendo el mantenimiento t\u00e9cnico de la p\u00e1gina web). En cualquier caso, le informaremos sobre el tratamiento de datos personales que se lleva a cabo, y por supuesto, sus derechos e intereses siempre ser\u00e1n tenidos en cuenta. En caso de que tenga cualquier consulta sobre sus datos personales, encontrar\u00e1 sus derechos de protecci\u00f3n de datos m\u00e1s delante de esta misma p\u00e1gina.<\/p><p style=\"font-weight: 400;\"><strong>Prop\u00f3sito del tratamiento de los datos<\/strong><\/p><p style=\"font-weight: 400;\">No haremos p\u00fablica la informaci\u00f3n personal sin consentimiento. No vendemos ni compartimos la informaci\u00f3n personal voluntariamente.<\/p><p style=\"font-weight: 400;\">ALEX ROBERTO MACARE\u00d1O GUEVARA tratar\u00e1 sus datos como usuario, de manera manual y\/o automatizada, para las siguientes finalidades espec\u00edficas:<\/p><ul><li>Realizar informes estad\u00edsticos an\u00f3nimos respecto a los h\u00e1bitos de acceso y la actividad desarrollada por los usuarios en la web.<\/li><li>Llevar a cabo las actuaciones precisas para proteger los intereses de los clientes cuando as\u00ed sea necesario, o el cumplimiento de las resoluciones judiciales y las medidas en ellas acordadas.<\/li><li>Remitir comunicaciones electr\u00f3nicas con ofertas, promociones y noticias relacionadas con nuestra actividad, solo en el caso en que usted, como cliente lo haya consentido o no se haya opuesto expresamente.<\/li><li>Si decide contactar con nosotros al margen de una relaci\u00f3n contractual o sin registrarse, podr\u00e1 hacerlo a trav\u00e9s de la p\u00e1gina web o el correo de contacto.<\/li><\/ul><p style=\"font-weight: 400;\">Para poder tramitar correctamente su solicitud cuando contacte con nosotros, podremos solicitarle que nos facilite datos personales tales como su nombre, e-mail y cualquier otra informaci\u00f3n relacionada con su solicitud y su mensaje. De modo opcional, puede facilitar su direcci\u00f3n postal y\/o n\u00famero de tel\u00e9fono. Recogemos la informaci\u00f3n solicitada con el fin exclusivo de gestionar correctamente su solicitud. Los datos no se emplear\u00e1n para ninguna finalidad adicional ni se comunicar\u00e1n a terceros sin su consentimiento expreso, salvo que estemos autorizados a ello por ley. Si no es obligatorio por ley conservar sus datos personales, \u00e9stos ser\u00e1n eliminados una vez se haya tramitado su solicitud.<\/p><ul><li>En el caso de que nos remita su cv trataremos sus datos con el fin de valorar y gestionar su solicitud de empleo y en su caso, llevar a cabo las actuaciones necesarias para la selecci\u00f3n y contrataci\u00f3n de personal, a fin de ofertarle puestos que se ajusten a su perfil.<\/li><li>Por motivos t\u00e9cnicos, cada vez que su navegador accede a nuestra web, autom\u00e1ticamente se env\u00eda informaci\u00f3n a nuestro servidor (ej. datos de navegaci\u00f3n). Parte de esta informaci\u00f3n se almacena en archivos de registro, como:<ul><li>fecha de acceso<\/li><li>hora de acceso<\/li><li>URL de la p\u00e1gina<\/li><li>versi\u00f3n del protocolo HTTP<\/li><li>archivos a los que se accede<\/li><li>volumen de datos transferidos<\/li><li>tipo de navegador de internet y su versi\u00f3n<\/li><li>tipo de sistema operativo<\/li><li>direcci\u00f3n IP (anonimizada)<\/li><\/ul><\/li><\/ul><p style=\"font-weight: 400;\">Los datos de navegaci\u00f3n no incluyen datos personales. \u00danicamente analizamos los datos de navegaci\u00f3n cuando sea necesario, especialmente para solucionar fallos en la operatividad de nuestra web o para resolver incidencias de seguridad. Almacenamos estos datos de forma indefinida<\/p><p style=\"font-weight: 400;\"><strong>Destinatarios de la cesi\u00f3n de datos<\/strong><\/p><p style=\"font-weight: 400;\">\u00danicamente cedemos los datos personales que recogemos a aquellos que son encargados de tratamiento y han formalizado con nuestra entidad un contrato de encargado de tratamiento de datos personales en el que se compromete al adecuado tratamiento de nuestros registros.<\/p><p style=\"font-weight: 400;\">Tambi\u00e9n podemos vernos en la situaci\u00f3n de tener que ceder los datos personales cuando sea necesario para prestar el servicio o atender a la consulta que se haya solicitado, as\u00ed como en los casos previstos en la ley.<\/p><p style=\"font-weight: 400;\"><strong>Plazo de conservaci\u00f3n de los datos personales<\/strong><\/p><p style=\"font-weight: 400;\">ALEX ROBERTO MACARE\u00d1O GUEVARA conservar\u00e1 sus datos personales, como usuario, \u00fanicamente durante el tiempo necesario para la realizaci\u00f3n de las finalidades para las que fueron recogidos, mientras no revoque los consentimientos otorgados. Posteriormente, en caso de ser necesario, mantendr\u00e1 la informaci\u00f3n bloqueada los plazos legalmente establecidos, en todo caso, durante 5 a\u00f1os, o el plazo establecido por ley para cualquier acci\u00f3n que pueda devenir del tratamiento.<\/p><p style=\"font-weight: 400;\">En el caso de los datos que nos facilite con el env\u00edo de su curriculum para acceder a un proceso de selecci\u00f3n de personal, ser\u00e1n conservados durante, 3 a\u00f1os desde la fecha de la \u00faltima actualizaci\u00f3n. Transcurrido dicho periodo, sin que hayan sido actualizados, los datos ser\u00e1n suprimidos, salvo que nos indique lo contrario.<\/p><p style=\"font-weight: 400;\"><strong>Derechos de los usuarios<\/strong><\/p><p style=\"font-weight: 400;\">Puede enviarnos un escrito a ALEX ROBERTO MACARE\u00d1O GUEVARA, FRANCO DE MEDINA 2 &#8211; San Crist\u00f3bal de La Laguna (Santa Cruz de Tenerife &#8211; 38320) o enviarnos un correo a info@rjpinturayrevestimiento.es, para realizar cualquiera de las siguientes acciones:<\/p><ul><li>Revocar los consentimientos otorgados.<\/li><li>Obtener confirmaci\u00f3n acerca de si en ALEX ROBERTO MACARE\u00d1O GUEVARA se est\u00e1n tratando datos personales que le conciernen o no.<\/li><li>Acceder a sus datos personales.<\/li><li>Rectificar los datos inexactos o incompletos.<\/li><li>Solicitar la supresi\u00f3n de sus datos cuando, entre otros motivos, los datos ya no sean necesarios para los fines que fueron recogidos.<\/li><li>Obtener de ALEX ROBERTO MACARE\u00d1O GUEVARA la limitaci\u00f3n del tratamiento de los datos cuando se cumpla alguna de las condiciones previstas en la normativa de protecci\u00f3n de datos.<\/li><li>En determinadas circunstancias y por motivos relacionados con su situaci\u00f3n particular al tratamiento de sus datos, los interesados podr\u00e1n oponerse al tratamiento de sus datos. ALEX ROBERTO MACARE\u00d1O GUEVARA dejar\u00e1 de tratar los datos, salvo por motivos leg\u00edtimos imperiosos, o el ejercicio o la defensa de posibles reclamaciones.<\/li><li>Obtener intervenci\u00f3n humana, a expresar su punto de vista y a impugnar las decisiones automatizadas a adoptadas.<\/li><li>Solicitar la portabilidad de sus datos.<\/li><li>Reclamar ante la Agencia Espa\u00f1ola de Protecci\u00f3n de Datos (www.agpd.es) cuando el interesado considere que ALEX ROBERTO MACARE\u00d1O GUEVARA ha vulnerado los derechos que le son reconocidos por la normativa aplicable en protecci\u00f3n de datos.<\/li><\/ul>\t\t\t\t\t\t<\/div>\n\t\t\t\t<\/div>\n\t\t\t\t\t<\/div>\n\t\t<\/div>\n\t\t\t\t\t\t\t<\/div>\n\t\t<\/section>\n\t\t\t\t<section class=\"elementor-section elementor-top-section elementor-element elementor-element-2c5861b elementor-section-full_width elementor-section-height-default elementor-section-height-default\" data-id=\"2c5861b\" data-element_type=\"section\">\n\t\t\t\t\t\t<div class=\"elementor-container elementor-column-gap-default\">\n\t\t\t\t\t<div class=\"elementor-column elementor-col-100 elementor-top-column elementor-element elementor-element-646f0ce\" data-id=\"646f0ce\" data-element_type=\"column\">\n\t\t\t<div class=\"elementor-widget-wrap elementor-element-populated\">\n\t\t\t\t\t\t\t\t<div class=\"elementor-element elementor-element-d1bf424 elementor-widget elementor-widget-heading\" data-id=\"d1bf424\" data-element_type=\"widget\" data-widget_type=\"heading.default\">\n\t\t\t\t<div class=\"elementor-widget-container\">\n\t\t\t<h2 class=\"elementor-heading-title elementor-size-default\">\nAviso Legal\n<\/h2>\t\t<\/div>\n\t\t\t\t<\/div>\n\t\t\t\t\t<\/div>\n\t\t<\/div>\n\t\t\t\t\t\t\t<\/div>\n\t\t<\/section>\n\t\t\t\t<section class=\"elementor-section elementor-top-section elementor-element elementor-element-799dfde elementor-section-full_width elementor-section-height-default elementor-section-height-default\" data-id=\"799dfde\" data-element_type=\"section\" data-settings=\"{&quot;background_background&quot;:&quot;classic&quot;}\">\n\t\t\t\t\t\t<div class=\"elementor-container elementor-column-gap-default\">\n\t\t\t\t\t<div class=\"elementor-column elementor-col-100 elementor-top-column elementor-element elementor-element-18de8e4\" data-id=\"18de8e4\" data-element_type=\"column\">\n\t\t\t<div class=\"elementor-widget-wrap elementor-element-populated\">\n\t\t\t\t\t\t\t\t<div class=\"elementor-element elementor-element-50337df elementor-widget elementor-widget-text-editor\" data-id=\"50337df\" data-element_type=\"widget\" data-widget_type=\"text-editor.default\">\n\t\t\t\t<div class=\"elementor-widget-container\">\n\t\t\t\t\t\t\t<p style=\"font-weight: 400; text-align: left;\">El titular de esta p\u00e1gina es ALEX ROBERTO MACARE\u00d1O GUEVARA. El domicilio de ALEX ROBERTO MACARE\u00d1O GUEVARA es FRANCO DE MEDINA 2 &#8211; San Crist\u00f3bal de La Laguna (Santa Cruz de Tenerife &#8211; 38320), tel\u00e9fono null | 654012614. El correo de contacto de ALEX ROBERTO MACARE\u00d1O GUEVARA es info@rjpinturayrevestimiento.es<\/p><p style=\"font-weight: 400;\">Si utiliza el contenido y\/o los servicios de esta p\u00e1gina se compromete a aceptar las siguientes condiciones de uso:<\/p><ol><li>ALEX ROBERTO MACARE\u00d1O GUEVARA se reserva el derecho a modificar el contenido, la configuraci\u00f3n y la presentaci\u00f3n de esta p\u00e1gina web sin avisar. Esta p\u00e1gina podr\u00eda contener enlaces a otras p\u00e1ginas externas y, si es as\u00ed, ALEX ROBERTO MACARE\u00d1O GUEVARA, no se hace responsable del contenido y la configuraci\u00f3n de tales p\u00e1ginas.<\/li><li>Los textos, im\u00e1genes, logotipos y el resto de contenidos de esta web son propiedad de ALEX ROBERTO MACARE\u00d1O GUEVARA. Si no se indica lo contrario, no se puede transmitir, distribuir, reproducir o conservar los contenidos de esta p\u00e1gina sin el consentimiento de ALEX ROBERTO MACARE\u00d1O GUEVARA.<\/li><li>ALEX ROBERTO MACARE\u00d1O GUEVARA no se hace responsable de los posibles da\u00f1os que se puedan producir por utilizar versiones no actualizadas de los navegadores, ni de las consecuencias que se derivan del mal funcionamiento de los navegadores por una configuraci\u00f3n inadecuada, por la presencia de virus inform\u00e1ticos o por cualquier otra causa.<\/li><li>El presente Aviso Legal se rige por la ley espa\u00f1ola. Cualquier conflicto relacionado con el uso de esta p\u00e1gina ser\u00e1 competencia de los juzgados y tribunales espa\u00f1oles.<\/li><\/ol>\t\t\t\t\t\t<\/div>\n\t\t\t\t<\/div>\n\t\t\t\t\t<\/div>\n\t\t<\/div>\n\t\t\t\t\t\t\t<\/div>\n\t\t<\/section>\n\t\t\t\t\t\t\t<\/div>\n\t\t","protected":false},"excerpt":{"rendered":"<p>Pol\u00edtica de Privacidad Titular: ALEX ROBERTO MACARE\u00d1O GUEVARA CIF: 79197882G Domicilio social: FRANCO DE MEDINA 2 &#8211; San Crist\u00f3bal de La Laguna (Santa Cruz de Tenerife &#8211; 38320) Tel\u00e9fono de contacto: 635232747 Delegado de Protecci\u00f3n de Datos: Correo electr\u00f3nico: info@rjpinturayrevestimiento.es Por favor, tenga en cuenta que la presente Pol\u00edtica de Privacidad no aborda, y no [&hellip;]<\/p>\n","protected":false},"author":1,"featured_media":0,"parent":0,"menu_order":0,"comment_status":"closed","ping_status":"closed","template":"","meta":[],"yoast_head":"<!-- This site is optimized with the Yoast SEO plugin v20.13 - https:\/\/yoast.com\/wordpress\/plugins\/seo\/ -->\n<title>Pol\u00edtica de Privacidad - rjpinturayrevestimiento<\/title>\n<meta name=\"robots\" content=\"index, follow, max-snippet:-1, max-image-preview:large, max-video-preview:-1\" \/>\n<link rel=\"canonical\" href=\"https:\/\/rjpinturayrevestimiento.es\/?page_id=1341\" \/>\n<meta property=\"og:locale\" content=\"en_US\" \/>\n<meta property=\"og:type\" content=\"article\" \/>\n<meta property=\"og:title\" content=\"Pol\u00edtica de Privacidad - rjpinturayrevestimiento\" \/>\n<meta property=\"og:description\" content=\"Pol\u00edtica de Privacidad Titular: ALEX ROBERTO MACARE\u00d1O GUEVARA CIF: 79197882G Domicilio social: FRANCO DE MEDINA 2 &#8211; San Crist\u00f3bal de La Laguna (Santa Cruz de Tenerife &#8211; 38320) Tel\u00e9fono de contacto: 635232747 Delegado de Protecci\u00f3n de Datos: Correo electr\u00f3nico: info@rjpinturayrevestimiento.es Por favor, tenga en cuenta que la presente Pol\u00edtica de Privacidad no aborda, y no [&hellip;]\" \/>\n<meta property=\"og:url\" content=\"https:\/\/rjpinturayrevestimiento.es\/?page_id=1341\" \/>\n<meta property=\"og:site_name\" content=\"rjpinturayrevestimiento\" \/>\n<meta property=\"article:modified_time\" content=\"2025-10-01T07:33:34+00:00\" \/>\n<meta name=\"twitter:card\" content=\"summary_large_image\" \/>\n<meta name=\"twitter:label1\" content=\"Est. reading time\" \/>\n\t<meta name=\"twitter:data1\" content=\"6 minutes\" \/>\n<script type=\"application\/ld+json\" class=\"yoast-schema-graph\">{\"@context\":\"https:\/\/schema.org\",\"@graph\":[{\"@type\":\"WebPage\",\"@id\":\"https:\/\/rjpinturayrevestimiento.es\/?page_id=1341\",\"url\":\"https:\/\/rjpinturayrevestimiento.es\/?page_id=1341\",\"name\":\"Pol\u00edtica de Privacidad - rjpinturayrevestimiento\",\"isPartOf\":{\"@id\":\"https:\/\/rjpinturayrevestimiento.es\/#website\"},\"datePublished\":\"2025-09-30T11:31:41+00:00\",\"dateModified\":\"2025-10-01T07:33:34+00:00\",\"breadcrumb\":{\"@id\":\"https:\/\/rjpinturayrevestimiento.es\/?page_id=1341#breadcrumb\"},\"inLanguage\":\"en-US\",\"potentialAction\":[{\"@type\":\"ReadAction\",\"target\":[\"https:\/\/rjpinturayrevestimiento.es\/?page_id=1341\"]}]},{\"@type\":\"BreadcrumbList\",\"@id\":\"https:\/\/rjpinturayrevestimiento.es\/?page_id=1341#breadcrumb\",\"itemListElement\":[{\"@type\":\"ListItem\",\"position\":1,\"name\":\"Portada\",\"item\":\"https:\/\/rjpinturayrevestimiento.es\/\"},{\"@type\":\"ListItem\",\"position\":2,\"name\":\"Pol\u00edtica de Privacidad\"}]},{\"@type\":\"WebSite\",\"@id\":\"https:\/\/rjpinturayrevestimiento.es\/#website\",\"url\":\"https:\/\/rjpinturayrevestimiento.es\/\",\"name\":\"rjpinturayrevestimiento\",\"description\":\"\",\"publisher\":{\"@id\":\"https:\/\/rjpinturayrevestimiento.es\/#organization\"},\"potentialAction\":[{\"@type\":\"SearchAction\",\"target\":{\"@type\":\"EntryPoint\",\"urlTemplate\":\"https:\/\/rjpinturayrevestimiento.es\/?s={search_term_string}\"},\"query-input\":\"required name=search_term_string\"}],\"inLanguage\":\"en-US\"},{\"@type\":\"Organization\",\"@id\":\"https:\/\/rjpinturayrevestimiento.es\/#organization\",\"name\":\"rjpinturayrevestimiento\",\"url\":\"https:\/\/rjpinturayrevestimiento.es\/\",\"logo\":{\"@type\":\"ImageObject\",\"inLanguage\":\"en-US\",\"@id\":\"https:\/\/rjpinturayrevestimiento.es\/#\/schema\/logo\/image\/\",\"url\":\"https:\/\/rjpinturayrevestimiento.es\/wp-content\/uploads\/2023\/08\/cropped-web-n-05.png\",\"contentUrl\":\"https:\/\/rjpinturayrevestimiento.es\/wp-content\/uploads\/2023\/08\/cropped-web-n-05.png\",\"width\":833,\"height\":741,\"caption\":\"rjpinturayrevestimiento\"},\"image\":{\"@id\":\"https:\/\/rjpinturayrevestimiento.es\/#\/schema\/logo\/image\/\"}}]}<\/script>\n<!-- \/ Yoast SEO plugin. -->","yoast_head_json":{"title":"Pol\u00edtica de Privacidad - rjpinturayrevestimiento","robots":{"index":"index","follow":"follow","max-snippet":"max-snippet:-1","max-image-preview":"max-image-preview:large","max-video-preview":"max-video-preview:-1"},"canonical":"https:\/\/rjpinturayrevestimiento.es\/?page_id=1341","og_locale":"en_US","og_type":"article","og_title":"Pol\u00edtica de Privacidad - rjpinturayrevestimiento","og_description":"Pol\u00edtica de Privacidad Titular: ALEX ROBERTO MACARE\u00d1O GUEVARA CIF: 79197882G Domicilio social: FRANCO DE MEDINA 2 &#8211; San Crist\u00f3bal de La Laguna (Santa Cruz de Tenerife &#8211; 38320) Tel\u00e9fono de contacto: 635232747 Delegado de Protecci\u00f3n de Datos: Correo electr\u00f3nico: info@rjpinturayrevestimiento.es Por favor, tenga en cuenta que la presente Pol\u00edtica de Privacidad no aborda, y no [&hellip;]","og_url":"https:\/\/rjpinturayrevestimiento.es\/?page_id=1341","og_site_name":"rjpinturayrevestimiento","article_modified_time":"2025-10-01T07:33:34+00:00","twitter_card":"summary_large_image","twitter_misc":{"Est. reading time":"6 minutes"},"schema":{"@context":"https:\/\/schema.org","@graph":[{"@type":"WebPage","@id":"https:\/\/rjpinturayrevestimiento.es\/?page_id=1341","url":"https:\/\/rjpinturayrevestimiento.es\/?page_id=1341","name":"Pol\u00edtica de Privacidad - rjpinturayrevestimiento","isPartOf":{"@id":"https:\/\/rjpinturayrevestimiento.es\/#website"},"datePublished":"2025-09-30T11:31:41+00:00","dateModified":"2025-10-01T07:33:34+00:00","breadcrumb":{"@id":"https:\/\/rjpinturayrevestimiento.es\/?page_id=1341#breadcrumb"},"inLanguage":"en-US","potentialAction":[{"@type":"ReadAction","target":["https:\/\/rjpinturayrevestimiento.es\/?page_id=1341"]}]},{"@type":"BreadcrumbList","@id":"https:\/\/rjpinturayrevestimiento.es\/?page_id=1341#breadcrumb","itemListElement":[{"@type":"ListItem","position":1,"name":"Portada","item":"https:\/\/rjpinturayrevestimiento.es\/"},{"@type":"ListItem","position":2,"name":"Pol\u00edtica de Privacidad"}]},{"@type":"WebSite","@id":"https:\/\/rjpinturayrevestimiento.es\/#website","url":"https:\/\/rjpinturayrevestimiento.es\/","name":"rjpinturayrevestimiento","description":"","publisher":{"@id":"https:\/\/rjpinturayrevestimiento.es\/#organization"},"potentialAction":[{"@type":"SearchAction","target":{"@type":"EntryPoint","urlTemplate":"https:\/\/rjpinturayrevestimiento.es\/?s={search_term_string}"},"query-input":"required name=search_term_string"}],"inLanguage":"en-US"},{"@type":"Organization","@id":"https:\/\/rjpinturayrevestimiento.es\/#organization","name":"rjpinturayrevestimiento","url":"https:\/\/rjpinturayrevestimiento.es\/","logo":{"@type":"ImageObject","inLanguage":"en-US","@id":"https:\/\/rjpinturayrevestimiento.es\/#\/schema\/logo\/image\/","url":"https:\/\/rjpinturayrevestimiento.es\/wp-content\/uploads\/2023\/08\/cropped-web-n-05.png","contentUrl":"https:\/\/rjpinturayrevestimiento.es\/wp-content\/uploads\/2023\/08\/cropped-web-n-05.png","width":833,"height":741,"caption":"rjpinturayrevestimiento"},"image":{"@id":"https:\/\/rjpinturayrevestimiento.es\/#\/schema\/logo\/image\/"}}]}},"_links":{"self":[{"href":"https:\/\/rjpinturayrevestimiento.es\/index.php?rest_route=\/wp\/v2\/pages\/1341"}],"collection":[{"href":"https:\/\/rjpinturayrevestimiento.es\/index.php?rest_route=\/wp\/v2\/pages"}],"about":[{"href":"https:\/\/rjpinturayrevestimiento.es\/index.php?rest_route=\/wp\/v2\/types\/page"}],"author":[{"embeddable":true,"href":"https:\/\/rjpinturayrevestimiento.es\/index.php?rest_route=\/wp\/v2\/users\/1"}],"replies":[{"embeddable":true,"href":"https:\/\/rjpinturayrevestimiento.es\/index.php?rest_route=%2Fwp%2Fv2%2Fcomments&post=1341"}],"version-history":[{"count":44,"href":"https:\/\/rjpinturayrevestimiento.es\/index.php?rest_route=\/wp\/v2\/pages\/1341\/revisions"}],"predecessor-version":[{"id":1395,"href":"https:\/\/rjpinturayrevestimiento.es\/index.php?rest_route=\/wp\/v2\/pages\/1341\/revisions\/1395"}],"wp:attachment":[{"href":"https:\/\/rjpinturayrevestimiento.es\/index.php?rest_route=%2Fwp%2Fv2%2Fmedia&parent=1341"}],"curies":[{"name":"wp","href":"https:\/\/api.w.org\/{rel}","templated":true}]}}